{"id":848,"date":"2023-08-30T15:42:01","date_gmt":"2023-08-30T18:42:01","guid":{"rendered":"https:\/\/ismfdyt8034-bue.infd.edu.ar\/sitio\/?page_id=848"},"modified":"2025-11-05T11:25:11","modified_gmt":"2025-11-05T14:25:11","slug":"profesorado-de-lengua-y-literatura","status":"publish","type":"page","link":"https:\/\/ismfdyt8034-bue.infd.edu.ar\/sitio\/profesorado-de-lengua-y-literatura\/","title":{"rendered":"PROFESORADO DE LENGUA Y LITERATURA"},"content":{"rendered":"\n<figure class=\"wp-block-image size-full\"><img decoding=\"async\" loading=\"lazy\" width=\"716\" height=\"900\" src=\"https:\/\/ismfdyt8034-bue.infd.edu.ar\/sitio\/wp-content\/uploads\/2025\/11\/image-4.png\" alt=\"\" class=\"wp-image-1062\"\/><\/figure>\n\n\n\n<p><strong>El Profesorado de Lengua y Literatura tiene una duraci\u00f3n de 4 a\u00f1os.<\/strong><\/p>\n\n\n\n<p>Se cursa de lunes a viernes en el turno ma\u00f1ana (8:30 a 12:30 hs).<\/p>\n\n\n\n<p>Para ingresar es necesario contar con t\u00edtulo de Nivel Secundario completo.<\/p>\n\n\n\n<p>Las inscripciones  se realizan a trav\u00e9s del portal www.escobar360.escobar.gob.ar<\/p>\n\n\n\n<p><strong>Documentaci\u00f3n a presentar<\/strong><\/p>\n\n\n\n<ul>\n<li>T\u00edtulo secundario o constancia de t\u00edtulo en tr\u00e1mite o constancia de finalizaci\u00f3n de estudios secundarios<\/li>\n\n\n\n<li>Fotocopia de DNI&nbsp; ( frente y dorso)<\/li>\n\n\n\n<li>Cuilt&nbsp;<\/li>\n\n\n\n<li>2 fotos 4 x 4&nbsp; color&nbsp;<\/li>\n\n\n\n<li>Acta de nacimiento<\/li>\n<\/ul>\n\n\n\n<p><strong>Dise\u00f1o curricular<\/strong><\/p>\n\n\n\n<div class=\"wp-block-file\"><object class=\"wp-block-file__embed\" data=\"https:\/\/ismfdyt8034-bue.infd.edu.ar\/sitio\/wp-content\/uploads\/2023\/08\/Profesorado_de_Educacion_Secundaria_en_Lengua_y_Literatura_2017-1.pdf\" type=\"application\/pdf\" style=\"width:100%;height:600px\" aria-label=\"Incrustado de Profesorado_de_Educacion_Secundaria_en_Lengua_y_Literatura_2017-1.\"><\/object><a id=\"wp-block-file--media-6a58679e-0982-44fc-919d-0f2152157de9\" href=\"https:\/\/ismfdyt8034-bue.infd.edu.ar\/sitio\/wp-content\/uploads\/2023\/08\/Profesorado_de_Educacion_Secundaria_en_Lengua_y_Literatura_2017-1.pdf\">Profesorado_de_Educacion_Secundaria_en_Lengua_y_Literatura_2017-1<\/a><a href=\"https:\/\/ismfdyt8034-bue.infd.edu.ar\/sitio\/wp-content\/uploads\/2023\/08\/Profesorado_de_Educacion_Secundaria_en_Lengua_y_Literatura_2017-1.pdf\" class=\"wp-block-file__button wp-element-button\" download aria-describedby=\"wp-block-file--media-6a58679e-0982-44fc-919d-0f2152157de9\">Descarga<\/a><\/div>\n","protected":false},"excerpt":{"rendered":"<p>El Profesorado de Lengua y Literatura tiene una duraci\u00f3n de 4 a\u00f1os. Se cursa de lunes a viernes en el turno ma\u00f1ana (8:30 a 12:30 hs). Para ingresar es necesario contar con t\u00edtulo de Nivel Secundario completo. Las inscripciones se realizan a trav\u00e9s del portal www.escobar360.escobar.gob.ar Documentaci\u00f3n a presentar Dise\u00f1o curricular<\/p>\n","protected":false},"author":12,"featured_media":0,"parent":0,"menu_order":0,"comment_status":"closed","ping_status":"closed","template":"","meta":[],"acf":[],"_links":{"self":[{"href":"https:\/\/ismfdyt8034-bue.infd.edu.ar\/sitio\/wp-json\/wp\/v2\/pages\/848"}],"collection":[{"href":"https:\/\/ismfdyt8034-bue.infd.edu.ar\/sitio\/wp-json\/wp\/v2\/pages"}],"about":[{"href":"https:\/\/ismfdyt8034-bue.infd.edu.ar\/sitio\/wp-json\/wp\/v2\/types\/page"}],"author":[{"embeddable":true,"href":"https:\/\/ismfdyt8034-bue.infd.edu.ar\/sitio\/wp-json\/wp\/v2\/users\/12"}],"replies":[{"embeddable":true,"href":"https:\/\/ismfdyt8034-bue.infd.edu.ar\/sitio\/wp-json\/wp\/v2\/comments?post=848"}],"version-history":[{"count":9,"href":"https:\/\/ismfdyt8034-bue.infd.edu.ar\/sitio\/wp-json\/wp\/v2\/pages\/848\/revisions"}],"predecessor-version":[{"id":1077,"href":"https:\/\/ismfdyt8034-bue.infd.edu.ar\/sitio\/wp-json\/wp\/v2\/pages\/848\/revisions\/1077"}],"wp:attachment":[{"href":"https:\/\/ismfdyt8034-bue.infd.edu.ar\/sitio\/wp-json\/wp\/v2\/media?parent=848"}],"curies":[{"name":"wp","href":"https:\/\/api.w.org\/{rel}","templated":true}]}}