{"id":842,"date":"2023-08-30T15:41:06","date_gmt":"2023-08-30T18:41:06","guid":{"rendered":"https:\/\/ismfdyt8034-bue.infd.edu.ar\/sitio\/?page_id=842"},"modified":"2025-11-05T11:15:32","modified_gmt":"2025-11-05T14:15:32","slug":"profesorado-de-musica","status":"publish","type":"page","link":"https:\/\/ismfdyt8034-bue.infd.edu.ar\/sitio\/catalogo\/profesorado-de-musica\/","title":{"rendered":"PROFESORADO DE M\u00daSICA"},"content":{"rendered":"\n<figure class=\"wp-block-image size-full\"><img decoding=\"async\" loading=\"lazy\" width=\"716\" height=\"897\" src=\"https:\/\/ismfdyt8034-bue.infd.edu.ar\/sitio\/wp-content\/uploads\/2025\/11\/image-1.png\" alt=\"\" class=\"wp-image-1049\"\/><\/figure>\n\n\n\n<p><strong>El Profesorado de M\u00fasica con Orientaci\u00f3n en Educaci\u00f3n Musical tiene una duraci\u00f3n de 4 a\u00f1os.<\/strong><\/p>\n\n\n\n<p>Se cursa de lunes a viernes en el turno tarde (17:30 a 21:30 hs).<\/p>\n\n\n\n<p>Para ingresar es necesario contar con t\u00edtulo de Nivel Secundario completo y el ciclo de Formaci\u00f3n B\u00e1sica (FoBa) aprobado.<\/p>\n\n\n\n<p>Las inscripciones se realizan a trav\u00e9s del portal www.escobar360.escobar.gob.ar<\/p>\n\n\n\n<p><strong>Documentaci\u00f3n a presentar: <\/strong><\/p>\n\n\n\n<ul>\n<li>T\u00edtulo de Foba M\u00fasica&nbsp;<\/li>\n\n\n\n<li>T\u00edtulo secundario o constancia de t\u00edtulo en tr\u00e1mite o constancia de finalizaci\u00f3n de estudios secundarios<\/li>\n\n\n\n<li>Fotocopia de DNI&nbsp; ( frente y dorso)<\/li>\n\n\n\n<li>Cuilt&nbsp;<\/li>\n\n\n\n<li>2 fotos 4 x 4&nbsp; color&nbsp;<\/li>\n\n\n\n<li>Acta de nacimiento<\/li>\n<\/ul>\n\n\n\n<p><strong>Dise\u00f1o curricular<\/strong><\/p>\n\n\n\n<div class=\"wp-block-file\"><object class=\"wp-block-file__embed\" data=\"https:\/\/ismfdyt8034-bue.infd.edu.ar\/sitio\/wp-content\/uploads\/2023\/08\/PLAN-DE-ESTUDIO-VIGENTE.pdf\" type=\"application\/pdf\" style=\"width:100%;height:600px\" aria-label=\"Incrustado de PLAN-DE-ESTUDIO-VIGENTE.\"><\/object><a id=\"wp-block-file--media-e55a54ee-4797-4585-ada4-94fcefad8add\" href=\"https:\/\/ismfdyt8034-bue.infd.edu.ar\/sitio\/wp-content\/uploads\/2023\/08\/PLAN-DE-ESTUDIO-VIGENTE.pdf\">PLAN-DE-ESTUDIO-VIGENTE<\/a><a href=\"https:\/\/ismfdyt8034-bue.infd.edu.ar\/sitio\/wp-content\/uploads\/2023\/08\/PLAN-DE-ESTUDIO-VIGENTE.pdf\" class=\"wp-block-file__button wp-element-button\" download aria-describedby=\"wp-block-file--media-e55a54ee-4797-4585-ada4-94fcefad8add\">Descarga<\/a><\/div>\n","protected":false},"excerpt":{"rendered":"<p>El Profesorado de M\u00fasica con Orientaci\u00f3n en Educaci\u00f3n Musical tiene una duraci\u00f3n de 4 a\u00f1os. Se cursa de lunes a viernes en el turno tarde (17:30 a 21:30 hs). Para ingresar es necesario contar con t\u00edtulo de Nivel Secundario completo y el ciclo de Formaci\u00f3n B\u00e1sica (FoBa) aprobado. Las inscripciones se realizan a trav\u00e9s del &#8230; <a title=\"PROFESORADO DE M\u00daSICA\" class=\"read-more\" href=\"https:\/\/ismfdyt8034-bue.infd.edu.ar\/sitio\/catalogo\/profesorado-de-musica\/\" aria-label=\"More on PROFESORADO DE M\u00daSICA\">[+]<\/a><\/p>\n","protected":false},"author":12,"featured_media":0,"parent":644,"menu_order":2,"comment_status":"closed","ping_status":"closed","template":"","meta":[],"acf":[],"_links":{"self":[{"href":"https:\/\/ismfdyt8034-bue.infd.edu.ar\/sitio\/wp-json\/wp\/v2\/pages\/842"}],"collection":[{"href":"https:\/\/ismfdyt8034-bue.infd.edu.ar\/sitio\/wp-json\/wp\/v2\/pages"}],"about":[{"href":"https:\/\/ismfdyt8034-bue.infd.edu.ar\/sitio\/wp-json\/wp\/v2\/types\/page"}],"author":[{"embeddable":true,"href":"https:\/\/ismfdyt8034-bue.infd.edu.ar\/sitio\/wp-json\/wp\/v2\/users\/12"}],"replies":[{"embeddable":true,"href":"https:\/\/ismfdyt8034-bue.infd.edu.ar\/sitio\/wp-json\/wp\/v2\/comments?post=842"}],"version-history":[{"count":7,"href":"https:\/\/ismfdyt8034-bue.infd.edu.ar\/sitio\/wp-json\/wp\/v2\/pages\/842\/revisions"}],"predecessor-version":[{"id":1073,"href":"https:\/\/ismfdyt8034-bue.infd.edu.ar\/sitio\/wp-json\/wp\/v2\/pages\/842\/revisions\/1073"}],"up":[{"embeddable":true,"href":"https:\/\/ismfdyt8034-bue.infd.edu.ar\/sitio\/wp-json\/wp\/v2\/pages\/644"}],"wp:attachment":[{"href":"https:\/\/ismfdyt8034-bue.infd.edu.ar\/sitio\/wp-json\/wp\/v2\/media?parent=842"}],"curies":[{"name":"wp","href":"https:\/\/api.w.org\/{rel}","templated":true}]}}