{"id":839,"date":"2023-08-30T15:39:58","date_gmt":"2023-08-30T18:39:58","guid":{"rendered":"https:\/\/ismfdyt8034-bue.infd.edu.ar\/sitio\/?page_id=839"},"modified":"2025-11-10T11:36:26","modified_gmt":"2025-11-10T14:36:26","slug":"foba-musica","status":"publish","type":"page","link":"https:\/\/ismfdyt8034-bue.infd.edu.ar\/sitio\/catalogo\/foba-musica\/","title":{"rendered":"Formaci\u00f3n B\u00e1sica Musical"},"content":{"rendered":"\n<p><\/p>\n\n\n\n<p class=\"has-large-font-size\">General (3 a\u00f1os)<\/p>\n\n\n\n<figure class=\"wp-block-image size-full\"><img decoding=\"async\" loading=\"lazy\" width=\"612\" height=\"760\" src=\"https:\/\/ismfdyt8034-bue.infd.edu.ar\/sitio\/wp-content\/uploads\/2025\/11\/image-8.png\" alt=\"\" class=\"wp-image-1196\"\/><\/figure>\n\n\n\n<p><strong>El ciclo de Formaci\u00f3n B\u00e1sica Musical general tiene una duraci\u00f3n de 3 a\u00f1os<\/strong>.<\/p>\n\n\n\n<p> Se cursa de en el turno tarde. <\/p>\n\n\n\n<p>Para ingresar es necesario tener 14 a\u00f1os y 2\u00b0 a\u00f1o de escuelas secundaria aprobado. <\/p>\n\n\n\n<p class=\"has-large-font-size\">Intensivo (1 a\u00f1o)<\/p>\n\n\n\n<figure class=\"wp-block-image size-full is-resized\"><img decoding=\"async\" loading=\"lazy\" src=\"https:\/\/ismfdyt8034-bue.infd.edu.ar\/sitio\/wp-content\/uploads\/2025\/11\/image.png\" alt=\"\" class=\"wp-image-1046\" width=\"622\" height=\"779\"\/><\/figure>\n\n\n\n<p><strong>El ciclo de Formaci\u00f3n B\u00e1sica Musical modalidad intensiva tiene una duraci\u00f3n de 1 a\u00f1o<\/strong>.<\/p>\n\n\n\n<p> Se cursa de en el turno vespertino. <\/p>\n\n\n\n<p>Para ingresar es necesario ser estudiante de 6\u00b0 a\u00f1o de escuelas orientadas en M\u00fasica o t\u00edtulo secundario con conocimientos avanzados en m\u00fasica. <\/p>\n\n\n\n<p>Las inscripciones se realizan a trav\u00e9s del portal www.escobar360.escobar.gob.ar<\/p>\n\n\n\n<p><strong>Documentaci\u00f3n a presentar<\/strong><\/p>\n\n\n\n<ul>\n<li>T\u00edtulo secundario, constancia de t\u00edtulo en tr\u00e1mite o constancia de estudiante regular<\/li>\n\n\n\n<li>Fotocopia de DNI&nbsp; ( frente y dorso) en caso de menores de edad debe adjuntar DNI de adulto responsable a cargo<\/li>\n\n\n\n<li>Cuil<\/li>\n\n\n\n<li>2 fotos 4 x 4&nbsp; color&nbsp;<\/li>\n\n\n\n<li>Acta de nacimiento<\/li>\n\n\n\n<li>Foto del frente de DNI (en caso de menores de edad debe adjuntar DNI de adulto responsable a cargo)<\/li>\n\n\n\n<li>Foto del&nbsp; dorso de DNI (en caso de menores de edad debe adjuntar DNI de adulto responsable a cargo)<\/li>\n<\/ul>\n\n\n\n<p><strong>Cajas curriulares<\/strong><\/p>\n\n\n\n<div class=\"wp-block-file\"><object class=\"wp-block-file__embed\" data=\"https:\/\/ismfdyt8034-bue.infd.edu.ar\/sitio\/wp-content\/uploads\/2023\/08\/caja-curricular-canto.pdf\" type=\"application\/pdf\" style=\"width:100%;height:600px\" aria-label=\"Incrustado de caja-curricular-canto.\"><\/object><a id=\"wp-block-file--media-133e9376-1058-48df-ba7f-a1257eedd087\" href=\"https:\/\/ismfdyt8034-bue.infd.edu.ar\/sitio\/wp-content\/uploads\/2023\/08\/caja-curricular-canto.pdf\">caja-curricular-canto<\/a><a href=\"https:\/\/ismfdyt8034-bue.infd.edu.ar\/sitio\/wp-content\/uploads\/2023\/08\/caja-curricular-canto.pdf\" class=\"wp-block-file__button wp-element-button\" download aria-describedby=\"wp-block-file--media-133e9376-1058-48df-ba7f-a1257eedd087\">Descarga<\/a><\/div>\n\n\n\n<div class=\"wp-block-file\"><object class=\"wp-block-file__embed\" data=\"https:\/\/ismfdyt8034-bue.infd.edu.ar\/sitio\/wp-content\/uploads\/2023\/08\/caja-curricular-instrumento.pdf\" type=\"application\/pdf\" style=\"width:100%;height:600px\" aria-label=\"Incrustado de caja-curricular-instrumento.\"><\/object><a id=\"wp-block-file--media-364b49e7-3694-4d92-96b6-8d82af3305d5\" href=\"https:\/\/ismfdyt8034-bue.infd.edu.ar\/sitio\/wp-content\/uploads\/2023\/08\/caja-curricular-instrumento.pdf\">caja-curricular-instrumento<\/a><a href=\"https:\/\/ismfdyt8034-bue.infd.edu.ar\/sitio\/wp-content\/uploads\/2023\/08\/caja-curricular-instrumento.pdf\" class=\"wp-block-file__button wp-element-button\" download aria-describedby=\"wp-block-file--media-364b49e7-3694-4d92-96b6-8d82af3305d5\">Descarga<\/a><\/div>\n\n\n\n<div class=\"wp-block-file\"><object class=\"wp-block-file__embed\" data=\"https:\/\/ismfdyt8034-bue.infd.edu.ar\/sitio\/wp-content\/uploads\/2023\/08\/caja-curricular-instrumento-1.pdf\" type=\"application\/pdf\" style=\"width:100%;height:600px\" aria-label=\"Incrustado de caja-curricular-instrumento-1.\"><\/object><a id=\"wp-block-file--media-6a125601-1572-4455-b9ab-4d686985e3d3\" href=\"https:\/\/ismfdyt8034-bue.infd.edu.ar\/sitio\/wp-content\/uploads\/2023\/08\/caja-curricular-instrumento-1.pdf\">caja-curricular-instrumento-1<\/a><a href=\"https:\/\/ismfdyt8034-bue.infd.edu.ar\/sitio\/wp-content\/uploads\/2023\/08\/caja-curricular-instrumento-1.pdf\" class=\"wp-block-file__button wp-element-button\" download aria-describedby=\"wp-block-file--media-6a125601-1572-4455-b9ab-4d686985e3d3\">Descarga<\/a><\/div>\n","protected":false},"excerpt":{"rendered":"<p>General (3 a\u00f1os) El ciclo de Formaci\u00f3n B\u00e1sica Musical general tiene una duraci\u00f3n de 3 a\u00f1os. Se cursa de en el turno tarde. Para ingresar es necesario tener 14 a\u00f1os y 2\u00b0 a\u00f1o de escuelas secundaria aprobado. Intensivo (1 a\u00f1o) El ciclo de Formaci\u00f3n B\u00e1sica Musical modalidad intensiva tiene una duraci\u00f3n de 1 a\u00f1o. Se &#8230; <a title=\"Formaci\u00f3n B\u00e1sica Musical\" class=\"read-more\" href=\"https:\/\/ismfdyt8034-bue.infd.edu.ar\/sitio\/catalogo\/foba-musica\/\" aria-label=\"More on Formaci\u00f3n B\u00e1sica Musical\">[+]<\/a><\/p>\n","protected":false},"author":12,"featured_media":0,"parent":644,"menu_order":1,"comment_status":"closed","ping_status":"closed","template":"","meta":[],"acf":[],"_links":{"self":[{"href":"https:\/\/ismfdyt8034-bue.infd.edu.ar\/sitio\/wp-json\/wp\/v2\/pages\/839"}],"collection":[{"href":"https:\/\/ismfdyt8034-bue.infd.edu.ar\/sitio\/wp-json\/wp\/v2\/pages"}],"about":[{"href":"https:\/\/ismfdyt8034-bue.infd.edu.ar\/sitio\/wp-json\/wp\/v2\/types\/page"}],"author":[{"embeddable":true,"href":"https:\/\/ismfdyt8034-bue.infd.edu.ar\/sitio\/wp-json\/wp\/v2\/users\/12"}],"replies":[{"embeddable":true,"href":"https:\/\/ismfdyt8034-bue.infd.edu.ar\/sitio\/wp-json\/wp\/v2\/comments?post=839"}],"version-history":[{"count":15,"href":"https:\/\/ismfdyt8034-bue.infd.edu.ar\/sitio\/wp-json\/wp\/v2\/pages\/839\/revisions"}],"predecessor-version":[{"id":1200,"href":"https:\/\/ismfdyt8034-bue.infd.edu.ar\/sitio\/wp-json\/wp\/v2\/pages\/839\/revisions\/1200"}],"up":[{"embeddable":true,"href":"https:\/\/ismfdyt8034-bue.infd.edu.ar\/sitio\/wp-json\/wp\/v2\/pages\/644"}],"wp:attachment":[{"href":"https:\/\/ismfdyt8034-bue.infd.edu.ar\/sitio\/wp-json\/wp\/v2\/media?parent=839"}],"curies":[{"name":"wp","href":"https:\/\/api.w.org\/{rel}","templated":true}]}}