{"id":685,"date":"2018-07-25T15:06:42","date_gmt":"2018-07-25T18:06:42","guid":{"rendered":"https:\/\/ismfdyt8034-bue.infd.edu.ar\/sitio\/?page_id=685"},"modified":"2025-11-05T10:11:59","modified_gmt":"2025-11-05T13:11:59","slug":"autoridades","status":"publish","type":"page","link":"https:\/\/ismfdyt8034-bue.infd.edu.ar\/sitio\/institucional\/autoridades\/","title":{"rendered":"El instituto"},"content":{"rendered":"\n<p>El Instituto Superior Municipal de Formaci\u00f3n Docente y T\u00e9cnica N\u00b0 8034 se constituy\u00f3 en abril de 2010. Su propietario es el Municipio de Escobar y se rige bajo la normativa de la Direcci\u00f3n de Gesti\u00f3n Privada de la Provincia de Buenos Aires. (DIEGEP).<\/p>\n\n\n\n<p>En los primeros a\u00f1os de su d\u00e9cada de historia, el Instituto funcion\u00f3 en la Casa de la Cultura de Escobar, y en lo que fuera luego la Direcci\u00f3n General de Educaci\u00f3n del Municipio.<br>En 2018 por gesti\u00f3n de nuestro intendente se traslada a la localidad de Ing. Maschwitz, desarrollando su actividad educativa en el Polo de Educaci\u00f3n Superior, en los tres turnos (ma\u00f1ana, tarde y vespertino).<\/p>\n\n\n\n<p>La propuesta acad\u00e9mica re\u00fane en la actualidad 3 carreras: Profesorado de Teatro, Profesorado de Lengua y Literatura Profesorado de M\u00fasica. Tambi\u00e9n cuenta con una Formaci\u00f3n B\u00e1sica de M\u00fasica.<\/p>\n\n\n\n<p>El 27 de marzo de este a\u00f1o, por Ordenanza N\u00b06238\/24 del HCD, el Instituto lleva por nombre \u201cLuis Alberto Spinetta\u201d, en el marco del Programa Identidad Escobar, en el que participara la comunidad para elegir su nombre.<\/p>\n\n\n\n<p><br><a href=\"https:\/\/www.instagram.com\/explore\/tags\/escobarfaroeducativo\/\">#EscobarFaroEducativo<\/a><br><a href=\"https:\/\/www.instagram.com\/explore\/tags\/escobarnoparadecrecer\/\">#escobarnoparadecrecer<\/a><\/p>\n\n\n\n<figure class=\"wp-block-image size-full\"><img decoding=\"async\" loading=\"lazy\" width=\"574\" height=\"574\" src=\"https:\/\/ismfdyt8034-bue.infd.edu.ar\/sitio\/wp-content\/uploads\/2024\/09\/image-2.png\" alt=\"\" class=\"wp-image-989\" srcset=\"https:\/\/ismfdyt8034-bue.infd.edu.ar\/sitio\/wp-content\/uploads\/2024\/09\/image-2.png 574w, https:\/\/ismfdyt8034-bue.infd.edu.ar\/sitio\/wp-content\/uploads\/2024\/09\/image-2-500x500.png 500w\" sizes=\"(max-width: 574px) 100vw, 574px\" \/><\/figure>\n\n\n\n<figure class=\"wp-block-image size-full\"><img decoding=\"async\" loading=\"lazy\" width=\"568\" height=\"547\" src=\"https:\/\/ismfdyt8034-bue.infd.edu.ar\/sitio\/wp-content\/uploads\/2024\/09\/image-1.png\" alt=\"\" class=\"wp-image-987\"\/><\/figure>\n","protected":false},"excerpt":{"rendered":"<p>El Instituto Superior Municipal de Formaci\u00f3n Docente y T\u00e9cnica N\u00b0 8034 se constituy\u00f3 en abril de 2010. Su propietario es el Municipio de Escobar y se rige bajo la normativa de la Direcci\u00f3n de Gesti\u00f3n Privada de la Provincia de Buenos Aires. (DIEGEP). En los primeros a\u00f1os de su d\u00e9cada de historia, el Instituto funcion\u00f3 &#8230; <a title=\"El instituto\" class=\"read-more\" href=\"https:\/\/ismfdyt8034-bue.infd.edu.ar\/sitio\/institucional\/autoridades\/\" aria-label=\"More on El instituto\">[+]<\/a><\/p>\n","protected":false},"author":6,"featured_media":0,"parent":683,"menu_order":0,"comment_status":"closed","ping_status":"closed","template":"","meta":[],"acf":[],"_links":{"self":[{"href":"https:\/\/ismfdyt8034-bue.infd.edu.ar\/sitio\/wp-json\/wp\/v2\/pages\/685"}],"collection":[{"href":"https:\/\/ismfdyt8034-bue.infd.edu.ar\/sitio\/wp-json\/wp\/v2\/pages"}],"about":[{"href":"https:\/\/ismfdyt8034-bue.infd.edu.ar\/sitio\/wp-json\/wp\/v2\/types\/page"}],"author":[{"embeddable":true,"href":"https:\/\/ismfdyt8034-bue.infd.edu.ar\/sitio\/wp-json\/wp\/v2\/users\/6"}],"replies":[{"embeddable":true,"href":"https:\/\/ismfdyt8034-bue.infd.edu.ar\/sitio\/wp-json\/wp\/v2\/comments?post=685"}],"version-history":[{"count":14,"href":"https:\/\/ismfdyt8034-bue.infd.edu.ar\/sitio\/wp-json\/wp\/v2\/pages\/685\/revisions"}],"predecessor-version":[{"id":1015,"href":"https:\/\/ismfdyt8034-bue.infd.edu.ar\/sitio\/wp-json\/wp\/v2\/pages\/685\/revisions\/1015"}],"up":[{"embeddable":true,"href":"https:\/\/ismfdyt8034-bue.infd.edu.ar\/sitio\/wp-json\/wp\/v2\/pages\/683"}],"wp:attachment":[{"href":"https:\/\/ismfdyt8034-bue.infd.edu.ar\/sitio\/wp-json\/wp\/v2\/media?parent=685"}],"curies":[{"name":"wp","href":"https:\/\/api.w.org\/{rel}","templated":true}]}}