{"id":1039,"date":"2025-11-05T10:32:57","date_gmt":"2025-11-05T13:32:57","guid":{"rendered":"https:\/\/ismfdyt8034-bue.infd.edu.ar\/sitio\/?page_id=1039"},"modified":"2025-11-05T11:51:40","modified_gmt":"2025-11-05T14:51:40","slug":"tecnicatura-en-diseno-de-produccion-de-espectaculos","status":"publish","type":"page","link":"https:\/\/ismfdyt8034-bue.infd.edu.ar\/sitio\/tecnicatura-en-diseno-de-produccion-de-espectaculos\/","title":{"rendered":"Tecnicatura en dise\u00f1o de producci\u00f3n de espect\u00e1culos"},"content":{"rendered":"\n<figure class=\"wp-block-image size-full\"><img decoding=\"async\" loading=\"lazy\" width=\"721\" height=\"903\" src=\"https:\/\/ismfdyt8034-bue.infd.edu.ar\/sitio\/wp-content\/uploads\/2025\/11\/image-6.png\" alt=\"\" class=\"wp-image-1082\"\/><\/figure>\n\n\n\n<p><strong>La Tecnicatura en dise\u00f1o de producci\u00f3n de espect\u00e1culos tiene una duraci\u00f3n de 3 a\u00f1os.<\/strong><\/p>\n\n\n\n<p>Para ingresar es necesario contar con t\u00edtulo de Nivel Secundario completo.<\/p>\n\n\n\n<p>Las inscripciones se realizan a trav\u00e9s del portal www.escobar360.escobar.gob.ar<\/p>\n\n\n\n<p><strong>Documentaci\u00f3n a presentar:<\/strong><\/p>\n\n\n\n<ul>\n<li>T\u00edtulo secundario o constancia de t\u00edtulo en tr\u00e1mite o constancia de finalizaci\u00f3n de estudios secundarios<\/li>\n\n\n\n<li>Fotocopia de DNI&nbsp; ( frente y dorso)<\/li>\n\n\n\n<li>Cuilt&nbsp;<\/li>\n\n\n\n<li>2 fotos 4 x 4&nbsp; color&nbsp;<\/li>\n\n\n\n<li>Acta de nacimiento<\/li>\n<\/ul>\n\n\n\n<p><\/p>\n","protected":false},"excerpt":{"rendered":"<p>La Tecnicatura en dise\u00f1o de producci\u00f3n de espect\u00e1culos tiene una duraci\u00f3n de 3 a\u00f1os. Para ingresar es necesario contar con t\u00edtulo de Nivel Secundario completo. Las inscripciones se realizan a trav\u00e9s del portal www.escobar360.escobar.gob.ar Documentaci\u00f3n a presentar:<\/p>\n","protected":false},"author":12,"featured_media":0,"parent":0,"menu_order":0,"comment_status":"closed","ping_status":"closed","template":"","meta":[],"acf":[],"_links":{"self":[{"href":"https:\/\/ismfdyt8034-bue.infd.edu.ar\/sitio\/wp-json\/wp\/v2\/pages\/1039"}],"collection":[{"href":"https:\/\/ismfdyt8034-bue.infd.edu.ar\/sitio\/wp-json\/wp\/v2\/pages"}],"about":[{"href":"https:\/\/ismfdyt8034-bue.infd.edu.ar\/sitio\/wp-json\/wp\/v2\/types\/page"}],"author":[{"embeddable":true,"href":"https:\/\/ismfdyt8034-bue.infd.edu.ar\/sitio\/wp-json\/wp\/v2\/users\/12"}],"replies":[{"embeddable":true,"href":"https:\/\/ismfdyt8034-bue.infd.edu.ar\/sitio\/wp-json\/wp\/v2\/comments?post=1039"}],"version-history":[{"count":2,"href":"https:\/\/ismfdyt8034-bue.infd.edu.ar\/sitio\/wp-json\/wp\/v2\/pages\/1039\/revisions"}],"predecessor-version":[{"id":1084,"href":"https:\/\/ismfdyt8034-bue.infd.edu.ar\/sitio\/wp-json\/wp\/v2\/pages\/1039\/revisions\/1084"}],"wp:attachment":[{"href":"https:\/\/ismfdyt8034-bue.infd.edu.ar\/sitio\/wp-json\/wp\/v2\/media?parent=1039"}],"curies":[{"name":"wp","href":"https:\/\/api.w.org\/{rel}","templated":true}]}}