{"id":1037,"date":"2025-11-05T10:32:42","date_gmt":"2025-11-05T13:32:42","guid":{"rendered":"https:\/\/ismfdyt8034-bue.infd.edu.ar\/sitio\/?page_id=1037"},"modified":"2025-11-05T11:22:14","modified_gmt":"2025-11-05T14:22:14","slug":"profesorado-de-danza-con-orientacion-en-expresion-corporal","status":"publish","type":"page","link":"https:\/\/ismfdyt8034-bue.infd.edu.ar\/sitio\/profesorado-de-danza-con-orientacion-en-expresion-corporal\/","title":{"rendered":"Profesorado de Danza con orientaci\u00f3n en expresi\u00f3n corporal"},"content":{"rendered":"\n<figure class=\"wp-block-image size-full\"><img decoding=\"async\" loading=\"lazy\" width=\"716\" height=\"897\" src=\"https:\/\/ismfdyt8034-bue.infd.edu.ar\/sitio\/wp-content\/uploads\/2025\/11\/image-3.png\" alt=\"\" class=\"wp-image-1053\"\/><\/figure>\n\n\n\n<p><strong>&nbsp;El Profesorado de Danza con orientaci\u00f3n en expresi\u00f3n corporal<\/strong> <strong>tiene una duraci\u00f3n de 4 a\u00f1os.<\/strong><\/p>\n\n\n\n<p>Se cursa de lunes a viernes en el turno tarde (17:30 a 21:30 hs) y pr\u00e1cticas contraturno. <\/p>\n\n\n\n<p>Para ingresar es necesario contar con t\u00edtulo de Nivel Secundario completo.<\/p>\n\n\n\n<p>Las inscripciones se realizan a trav\u00e9s del portal www.escobar360.escobar.gob.ar<\/p>\n\n\n\n<p><strong>Documentaci\u00f3n a presentar:<\/strong><\/p>\n\n\n\n<ul>\n<li>T\u00edtulo secundario o constancia de t\u00edtulo en tr\u00e1mite o constancia de finalizaci\u00f3n de estudios secundarios<\/li>\n\n\n\n<li>Fotocopia de DNI&nbsp; ( frente y dorso)<\/li>\n\n\n\n<li>Cuilt&nbsp;<\/li>\n\n\n\n<li>2 fotos 4 x 4&nbsp; color&nbsp;<\/li>\n\n\n\n<li>Acta de nacimiento<\/li>\n<\/ul>\n\n\n\n<p><strong>Dise\u00f1o curricular<\/strong><\/p>\n\n\n\n<div class=\"wp-block-file\"><object class=\"wp-block-file__embed\" data=\"https:\/\/ismfdyt8034-bue.infd.edu.ar\/sitio\/wp-content\/uploads\/2025\/11\/AnexoDisenoExpresionCorporal.pdf\" type=\"application\/pdf\" style=\"width:100%;height:600px\" aria-label=\"Incrustado de Dise\u00f1oExpresionCorporal.\"><\/object><a id=\"wp-block-file--media-62574c31-460a-4c78-bacf-54d4b426d950\" href=\"https:\/\/ismfdyt8034-bue.infd.edu.ar\/sitio\/wp-content\/uploads\/2025\/11\/AnexoDisenoExpresionCorporal.pdf\">Dise\u00f1oExpresionCorporal<\/a><a href=\"https:\/\/ismfdyt8034-bue.infd.edu.ar\/sitio\/wp-content\/uploads\/2025\/11\/AnexoDisenoExpresionCorporal.pdf\" class=\"wp-block-file__button wp-element-button\" download aria-describedby=\"wp-block-file--media-62574c31-460a-4c78-bacf-54d4b426d950\">Descarga<\/a><\/div>\n","protected":false},"excerpt":{"rendered":"<p>&nbsp;El Profesorado de Danza con orientaci\u00f3n en expresi\u00f3n corporal tiene una duraci\u00f3n de 4 a\u00f1os. Se cursa de lunes a viernes en el turno tarde (17:30 a 21:30 hs) y pr\u00e1cticas contraturno. Para ingresar es necesario contar con t\u00edtulo de Nivel Secundario completo. Las inscripciones se realizan a trav\u00e9s del portal www.escobar360.escobar.gob.ar Documentaci\u00f3n a presentar: &#8230; <a title=\"Profesorado de Danza con orientaci\u00f3n en expresi\u00f3n corporal\" class=\"read-more\" href=\"https:\/\/ismfdyt8034-bue.infd.edu.ar\/sitio\/profesorado-de-danza-con-orientacion-en-expresion-corporal\/\" aria-label=\"More on Profesorado de Danza con orientaci\u00f3n en expresi\u00f3n corporal\">[+]<\/a><\/p>\n","protected":false},"author":12,"featured_media":0,"parent":0,"menu_order":0,"comment_status":"closed","ping_status":"closed","template":"","meta":[],"acf":[],"_links":{"self":[{"href":"https:\/\/ismfdyt8034-bue.infd.edu.ar\/sitio\/wp-json\/wp\/v2\/pages\/1037"}],"collection":[{"href":"https:\/\/ismfdyt8034-bue.infd.edu.ar\/sitio\/wp-json\/wp\/v2\/pages"}],"about":[{"href":"https:\/\/ismfdyt8034-bue.infd.edu.ar\/sitio\/wp-json\/wp\/v2\/types\/page"}],"author":[{"embeddable":true,"href":"https:\/\/ismfdyt8034-bue.infd.edu.ar\/sitio\/wp-json\/wp\/v2\/users\/12"}],"replies":[{"embeddable":true,"href":"https:\/\/ismfdyt8034-bue.infd.edu.ar\/sitio\/wp-json\/wp\/v2\/comments?post=1037"}],"version-history":[{"count":5,"href":"https:\/\/ismfdyt8034-bue.infd.edu.ar\/sitio\/wp-json\/wp\/v2\/pages\/1037\/revisions"}],"predecessor-version":[{"id":1075,"href":"https:\/\/ismfdyt8034-bue.infd.edu.ar\/sitio\/wp-json\/wp\/v2\/pages\/1037\/revisions\/1075"}],"wp:attachment":[{"href":"https:\/\/ismfdyt8034-bue.infd.edu.ar\/sitio\/wp-json\/wp\/v2\/media?parent=1037"}],"curies":[{"name":"wp","href":"https:\/\/api.w.org\/{rel}","templated":true}]}}