{"id":1029,"date":"2025-11-05T10:23:37","date_gmt":"2025-11-05T13:23:37","guid":{"rendered":"https:\/\/ismfdyt8034-bue.infd.edu.ar\/sitio\/?page_id=1029"},"modified":"2026-03-17T09:52:42","modified_gmt":"2026-03-17T12:52:42","slug":"ingreso","status":"publish","type":"page","link":"https:\/\/ismfdyt8034-bue.infd.edu.ar\/sitio\/ingreso\/","title":{"rendered":"Ingreso"},"content":{"rendered":"\n<h2 class=\"wp-block-heading\">En 2026 tendremos la siguiente oferta:<\/h2>\n\n\n\n<ul>\n<li>Formaci\u00f3n B\u00e1sica Musical General (3 a\u00f1os)<\/li>\n\n\n\n<li>Formaci\u00f3n B\u00e1sica Musical en Intensiva (1 a\u00f1o)<\/li>\n\n\n\n<li>Profesorado de M\u00fasica<\/li>\n\n\n\n<li>Profesorado de Teatro<\/li>\n\n\n\n<li>Profesorado de Danza con orientaci\u00f3n en expresi\u00f3n corporal<\/li>\n\n\n\n<li>Profesorado de ense\u00f1anza secundaria en Lengua y Literatura<\/li>\n\n\n\n<li>Tecnicatura en dise\u00f1o de producci\u00f3n de espect\u00e1culos<\/li>\n<\/ul>\n\n\n\n<h2 class=\"wp-block-heading has-medium-font-size\" style=\"font-style:italic;font-weight:600\"><br>Planes de estudio de cada carrera los encontraras haciendo clic sobre las im\u00e1genes <\/h2>\n\n\n\n<figure class=\"wp-block-gallery has-nested-images columns-default is-cropped wp-block-gallery-1 is-layout-flex\">\n<figure class=\"wp-block-image size-large\"><a href=\"https:\/\/ismfdyt8034-bue.infd.edu.ar\/sitio\/catalogo\/foba-musica\/\"><img decoding=\"async\" loading=\"lazy\" width=\"612\" height=\"760\" data-id=\"1196\"  src=\"https:\/\/ismfdyt8034-bue.infd.edu.ar\/sitio\/wp-content\/uploads\/2025\/11\/image-8.png\" alt=\"\" class=\"wp-image-1196\"\/><\/a><\/figure>\n\n\n\n<figure class=\"wp-block-image size-large\"><a href=\"https:\/\/ismfdyt8034-bue.infd.edu.ar\/sitio\/catalogo\/foba-musica\/\"><img decoding=\"async\" loading=\"lazy\" width=\"712\" height=\"892\" data-id=\"1107\"  src=\"https:\/\/ismfdyt8034-bue.infd.edu.ar\/sitio\/wp-content\/uploads\/2025\/11\/image1.png\" alt=\"\" class=\"wp-image-1107\"\/><\/a><\/figure>\n\n\n\n<figure class=\"wp-block-image size-large\"><a href=\"https:\/\/ismfdyt8034-bue.infd.edu.ar\/sitio\/catalogo\/profesorado-de-musica\/\"><img decoding=\"async\" loading=\"lazy\" width=\"716\" height=\"897\" data-id=\"1106\"  src=\"https:\/\/ismfdyt8034-bue.infd.edu.ar\/sitio\/wp-content\/uploads\/2025\/11\/image-12.png\" alt=\"\" class=\"wp-image-1106\"\/><\/a><\/figure>\n\n\n\n<figure class=\"wp-block-image size-large\"><a href=\"https:\/\/ismfdyt8034-bue.infd.edu.ar\/sitio\/profesorado-de-danza-con-orientacion-en-expresion-corporal\/\"><img decoding=\"async\" loading=\"lazy\" width=\"716\" height=\"897\" data-id=\"1105\"  src=\"https:\/\/ismfdyt8034-bue.infd.edu.ar\/sitio\/wp-content\/uploads\/2025\/11\/image-3-1.png\" alt=\"\" class=\"wp-image-1105\"\/><\/a><\/figure>\n\n\n\n<figure class=\"wp-block-image size-large\"><a href=\"https:\/\/ismfdyt8034-bue.infd.edu.ar\/sitio\/profesorado-de-teatro\/\"><img decoding=\"async\" loading=\"lazy\" width=\"718\" height=\"899\" data-id=\"1051\"  src=\"https:\/\/ismfdyt8034-bue.infd.edu.ar\/sitio\/wp-content\/uploads\/2025\/11\/image-2.png\" alt=\"\" class=\"wp-image-1051\"\/><\/a><\/figure>\n\n\n\n<figure class=\"wp-block-image size-large\"><a href=\"https:\/\/ismfdyt8034-bue.infd.edu.ar\/sitio\/profesorado-de-lengua-y-literatura\/\"><img decoding=\"async\" loading=\"lazy\" width=\"716\" height=\"900\" data-id=\"1104\"  src=\"https:\/\/ismfdyt8034-bue.infd.edu.ar\/sitio\/wp-content\/uploads\/2025\/11\/image-4-1.png\" alt=\"\" class=\"wp-image-1104\"\/><\/a><\/figure>\n\n\n\n<figure class=\"wp-block-image size-large\"><a href=\"https:\/\/ismfdyt8034-bue.infd.edu.ar\/sitio\/tecnicatura-en-diseno-de-produccion-de-espectaculos\/\"><img decoding=\"async\" loading=\"lazy\" width=\"721\" height=\"903\" data-id=\"1102\"  src=\"https:\/\/ismfdyt8034-bue.infd.edu.ar\/sitio\/wp-content\/uploads\/2025\/11\/image-6-1.png\" alt=\"\" class=\"wp-image-1102\"\/><\/a><\/figure>\n<\/figure>\n\n\n\n<h2 class=\"wp-block-heading\">Para la inscripci\u00f3n, ingres\u00e1 a partir del 3\/11\/2025 a: <\/h2>\n\n\n\n<p><a href=\"https:\/\/escobar360.escobar.gob.ar\" target=\"_blank\" rel=\"noreferrer noopener\">https:\/\/escobar360.escobar.gob.ar<\/a><\/p>\n","protected":false},"excerpt":{"rendered":"<p>En 2026 tendremos la siguiente oferta: Planes de estudio de cada carrera los encontraras haciendo clic sobre las im\u00e1genes Para la inscripci\u00f3n, ingres\u00e1 a partir del 3\/11\/2025 a: https:\/\/escobar360.escobar.gob.ar<\/p>\n","protected":false},"author":12,"featured_media":0,"parent":0,"menu_order":0,"comment_status":"closed","ping_status":"closed","template":"","meta":[],"acf":[],"_links":{"self":[{"href":"https:\/\/ismfdyt8034-bue.infd.edu.ar\/sitio\/wp-json\/wp\/v2\/pages\/1029"}],"collection":[{"href":"https:\/\/ismfdyt8034-bue.infd.edu.ar\/sitio\/wp-json\/wp\/v2\/pages"}],"about":[{"href":"https:\/\/ismfdyt8034-bue.infd.edu.ar\/sitio\/wp-json\/wp\/v2\/types\/page"}],"author":[{"embeddable":true,"href":"https:\/\/ismfdyt8034-bue.infd.edu.ar\/sitio\/wp-json\/wp\/v2\/users\/12"}],"replies":[{"embeddable":true,"href":"https:\/\/ismfdyt8034-bue.infd.edu.ar\/sitio\/wp-json\/wp\/v2\/comments?post=1029"}],"version-history":[{"count":13,"href":"https:\/\/ismfdyt8034-bue.infd.edu.ar\/sitio\/wp-json\/wp\/v2\/pages\/1029\/revisions"}],"predecessor-version":[{"id":1202,"href":"https:\/\/ismfdyt8034-bue.infd.edu.ar\/sitio\/wp-json\/wp\/v2\/pages\/1029\/revisions\/1202"}],"wp:attachment":[{"href":"https:\/\/ismfdyt8034-bue.infd.edu.ar\/sitio\/wp-json\/wp\/v2\/media?parent=1029"}],"curies":[{"name":"wp","href":"https:\/\/api.w.org\/{rel}","templated":true}]}}